{"id":1380,"date":"2018-08-20T12:46:53","date_gmt":"2018-08-20T12:46:53","guid":{"rendered":"http:\/\/testare2.realizare-site-ieftin.ro\/product\/dayang-dy-x708-dy-x708a-dy-x708b\/"},"modified":"2023-04-03T11:48:36","modified_gmt":"2023-04-03T11:48:36","slug":"dayang-dy-x708-dy-x708a-dy-x708b","status":"publish","type":"product","link":"https:\/\/clienti.webdesk.ro\/yamatex\/p\/dayang-dy-x708-dy-x708a-dy-x708b\/","title":{"rendered":"DAYANG DY-X708\/DY-X708A\/DY-X708B"},"content":{"rendered":"<p>\u2022 Imaginea num\u0103rul 1 este modelul DY-X708, imaginea num\u0103rul 2 este modelul DY-X708A (acesta dispune de ventilator suflant care elimin\u0103 scamele \u0219i r\u0103ce\u0219te lama) iar imaginea 3 este modelul DY-X708B care este identic ca specifica\u021bii cu DY-X708 av\u00e2nd \u00een schimb carcasa reproiectat\u0103.<\/p>\n","protected":false},"excerpt":{"rendered":"<p>\u2022 DAYANG DY-X708\/DY-X708A\/DY-X708B &#8211; sunt ma\u0219ini de t\u0103iat cu lam\u0103 vertical\u0103 capabile s\u0103 taie o gam\u0103 variat\u0103 de materiale textile \u0219i chiar piele.<br \/>\n\u2022 Ma\u0219ina este deosebit de silen\u021bioas\u0103 dispun\u00e2nd de un sistem de lubrefiere avansat \u0219i de sistem de automat de ascu\u021bire a cu\u021bitului de t\u0103iere ceea ce asigur\u0103 o t\u0103iere u\u0219oar\u0103. Dispune de sistem de protec\u021bie care testeaz\u0103 diferi\u021bi parametri ai ma\u0219inii.<br \/>\n\u2022 Ma\u0219ina se poate livra cu diferite \u00een\u00e2l\u021bimi de t\u0103iere: 110, 160, 210, 260, 285 mm.<br \/>\n\u2022 Servo motorul func\u021bioneaz\u0103 la 230V\/50Hz are puterea de 500-1400W \u0219i viteza de rota\u021bie de 1000-4000 RPM. Dispune de comutator cu 9 nivele de vitez\u0103. Procesorul ajusteaz\u0103 automat puterea motorului \u00een func\u021bie de vitez\u0103 \u0219i de sarcina \u00een care se afl\u0103 ma\u0219ina.<br \/>\n\u2022 Dimensiuni 76x40x32 cm<br \/>\n\u2022 Greutate 15 Kg<\/p>\n","protected":false},"featured_media":1150,"comment_status":"closed","ping_status":"open","template":"","meta":[],"yoast_head":"<!-- This site is optimized with the Yoast SEO plugin v15.2.1 - https:\/\/yoast.com\/wordpress\/plugins\/seo\/ -->\n<title>DAYANG DY-X708\/DY-X708A\/DY-X708B - Yamatex.ro | Masini de cusut industriale<\/title>\n<meta name=\"description\" content=\"DAYANG DY-X708\/DY-X708A\/DY-X708B Yamatex.ro | Masini de cusut industriale, noi second hand. Peste 1000 de utilaje in stoc.\" \/>\n<meta name=\"robots\" content=\"index, follow, max-snippet:-1, max-image-preview:large, max-video-preview:-1\" \/>\n<link rel=\"canonical\" href=\"https:\/\/clienti.webdesk.ro\/yamatex\/p\/dayang-dy-x708-dy-x708a-dy-x708b\/\" \/>\n<meta property=\"og:locale\" content=\"ro_RO\" \/>\n<meta property=\"og:type\" content=\"article\" \/>\n<meta property=\"og:title\" content=\"DAYANG DY-X708\/DY-X708A\/DY-X708B - Yamatex.ro | Masini de cusut industriale\" \/>\n<meta property=\"og:description\" content=\"DAYANG DY-X708\/DY-X708A\/DY-X708B Yamatex.ro | Masini de cusut industriale, noi second hand. Peste 1000 de utilaje in stoc.\" \/>\n<meta property=\"og:url\" content=\"https:\/\/clienti.webdesk.ro\/yamatex\/p\/dayang-dy-x708-dy-x708a-dy-x708b\/\" \/>\n<meta property=\"og:site_name\" content=\"Yamatex.ro | Masini de cusut industriale\" \/>\n<meta property=\"article:publisher\" content=\"https:\/\/www.facebook.com\/Yamatex-Ploiesti-Masini-de-cusut-industriale-978082192227997\/\" \/>\n<meta property=\"article:modified_time\" content=\"2023-04-03T11:48:36+00:00\" \/>\n<meta property=\"og:image\" content=\"https:\/\/clienti.webdesk.ro\/yamatex\/wp-content\/uploads\/2018\/08\/DAYANG-DY-X708-DY-X708A-DY-X708B.jpg\" \/>\n\t<meta property=\"og:image:width\" content=\"619\" \/>\n\t<meta property=\"og:image:height\" content=\"619\" \/>\n<meta name=\"twitter:card\" content=\"summary_large_image\" \/>\n<meta name=\"twitter:label1\" content=\"Scris de\">\n\t<meta name=\"twitter:data1\" content=\"admin\">\n\t<meta name=\"twitter:label2\" content=\"Timp estimat pentru citire\">\n\t<meta name=\"twitter:data2\" content=\"0 minute\">\n<script type=\"application\/ld+json\" class=\"yoast-schema-graph\">{\"@context\":\"https:\/\/schema.org\",\"@graph\":[{\"@type\":\"Organization\",\"@id\":\"https:\/\/clienti.webdesk.ro\/yamatex\/#organization\",\"name\":\"Yamatex\",\"url\":\"https:\/\/clienti.webdesk.ro\/yamatex\/\",\"sameAs\":[\"https:\/\/www.facebook.com\/Yamatex-Ploiesti-Masini-de-cusut-industriale-978082192227997\/\"],\"logo\":{\"@type\":\"ImageObject\",\"@id\":\"https:\/\/clienti.webdesk.ro\/yamatex\/#logo\",\"inLanguage\":\"ro-RO\",\"url\":\"https:\/\/clienti.webdesk.ro\/yamatex\/wp-content\/uploads\/2018\/08\/yamatex-land.jpg\",\"width\":600,\"height\":360,\"caption\":\"Yamatex\"},\"image\":{\"@id\":\"https:\/\/clienti.webdesk.ro\/yamatex\/#logo\"}},{\"@type\":\"WebSite\",\"@id\":\"https:\/\/clienti.webdesk.ro\/yamatex\/#website\",\"url\":\"https:\/\/clienti.webdesk.ro\/yamatex\/\",\"name\":\"Yamatex.ro | Masini de cusut industriale\",\"description\":\"Yamatex.ro | Masini de cusut industriale, noi second hand. Peste 1000 de utilaje in stoc. 15 ani de experienta. Finantare fonduri europene. Oferta avantajoasa. Calitate garantata. Livrare in toata tara.\",\"publisher\":{\"@id\":\"https:\/\/clienti.webdesk.ro\/yamatex\/#organization\"},\"potentialAction\":[{\"@type\":\"SearchAction\",\"target\":\"https:\/\/clienti.webdesk.ro\/yamatex\/?s={search_term_string}\",\"query-input\":\"required name=search_term_string\"}],\"inLanguage\":\"ro-RO\"},{\"@type\":\"ImageObject\",\"@id\":\"https:\/\/clienti.webdesk.ro\/yamatex\/p\/dayang-dy-x708-dy-x708a-dy-x708b\/#primaryimage\",\"inLanguage\":\"ro-RO\",\"url\":\"https:\/\/clienti.webdesk.ro\/yamatex\/wp-content\/uploads\/2018\/08\/DAYANG-DY-X708-DY-X708A-DY-X708B.jpg\",\"width\":619,\"height\":619},{\"@type\":\"WebPage\",\"@id\":\"https:\/\/clienti.webdesk.ro\/yamatex\/p\/dayang-dy-x708-dy-x708a-dy-x708b\/#webpage\",\"url\":\"https:\/\/clienti.webdesk.ro\/yamatex\/p\/dayang-dy-x708-dy-x708a-dy-x708b\/\",\"name\":\"DAYANG DY-X708\/DY-X708A\/DY-X708B - Yamatex.ro | Masini de cusut industriale\",\"isPartOf\":{\"@id\":\"https:\/\/clienti.webdesk.ro\/yamatex\/#website\"},\"primaryImageOfPage\":{\"@id\":\"https:\/\/clienti.webdesk.ro\/yamatex\/p\/dayang-dy-x708-dy-x708a-dy-x708b\/#primaryimage\"},\"datePublished\":\"2018-08-20T12:46:53+00:00\",\"dateModified\":\"2023-04-03T11:48:36+00:00\",\"description\":\"DAYANG DY-X708\/DY-X708A\/DY-X708B Yamatex.ro | Masini de cusut industriale, noi second hand. Peste 1000 de utilaje in stoc.\",\"inLanguage\":\"ro-RO\",\"potentialAction\":[{\"@type\":\"ReadAction\",\"target\":[\"https:\/\/clienti.webdesk.ro\/yamatex\/p\/dayang-dy-x708-dy-x708a-dy-x708b\/\"]}]}]}<\/script>\n<!-- \/ Yoast SEO plugin. -->","_links":{"self":[{"href":"https:\/\/clienti.webdesk.ro\/yamatex\/wp-json\/wp\/v2\/product\/1380"}],"collection":[{"href":"https:\/\/clienti.webdesk.ro\/yamatex\/wp-json\/wp\/v2\/product"}],"about":[{"href":"https:\/\/clienti.webdesk.ro\/yamatex\/wp-json\/wp\/v2\/types\/product"}],"replies":[{"embeddable":true,"href":"https:\/\/clienti.webdesk.ro\/yamatex\/wp-json\/wp\/v2\/comments?post=1380"}],"wp:featuredmedia":[{"embeddable":true,"href":"https:\/\/clienti.webdesk.ro\/yamatex\/wp-json\/wp\/v2\/media\/1150"}],"wp:attachment":[{"href":"https:\/\/clienti.webdesk.ro\/yamatex\/wp-json\/wp\/v2\/media?parent=1380"}],"curies":[{"name":"wp","href":"https:\/\/api.w.org\/{rel}","templated":true}]}}