{"id":1373,"date":"2018-08-20T12:46:51","date_gmt":"2018-08-20T12:46:51","guid":{"rendered":"http:\/\/testare2.realizare-site-ieftin.ro\/product\/ricoma-rcm-1202ch-rcm-1502ch\/"},"modified":"2023-04-03T11:48:43","modified_gmt":"2023-04-03T11:48:43","slug":"ricoma-rcm-1202ch-rcm-1502ch","status":"publish","type":"product","link":"https:\/\/clienti.webdesk.ro\/yamatex\/p\/ricoma-rcm-1202ch-rcm-1502ch\/","title":{"rendered":"RICOMA-RCM-1202CH-RCM-1502CH"},"content":{"rendered":"<p>CARACTERISTICI FUNC\u021aIONALE ALE MA\u0218INII<br \/>\n\u2022 2 capete de brodare cu 12\/15 ace<br \/>\n\u2022 distan\u021ba \u00eentre capete 40 cm<br \/>\n\u2022 aria de brodare 40&#215;45 cm<br \/>\n\u2022 t\u0103ierea automat\u0103 a firului de a\u021b\u0103<br \/>\n\u2022 vitez\u0103 maxim\u0103 de coasere 1000 \u00eempuns\u0103turi pe minut<br \/>\n\u2022 afi\u0219aj LCD care arat\u0103 \u00een timp real execu\u021bia modelului \u0219i de prelucrare a acestuia direct pe ma\u0219in\u0103<br \/>\n\u2022 ram\u0103 pentru brodat \u0219epci cu unghi de 270 grade<br \/>\n\u2022 port USB<br \/>\n\u2022 schimbarea automat\u0103 a culorii<br \/>\n\u2022 detec\u021bia automat\u0103 a ruperii firului de a\u021b\u0103 sau de terminare a acestuia<br \/>\n\u2022 preconturarea modelului ce urmeaz\u0103 s\u0103 fie brodat<br \/>\n\u2022 ma\u0219ina este capabil\u0103 s\u0103 stocheze \u00een memorie un total de 100 milioane \u00eempuns\u0103turi (fiecare model poate fi compus din 100 mii \u00eempuns\u0103turi)<br \/>\n\u2022 buton de oprire de urgen\u021b\u0103<br \/>\n\u2022 meniu multilingual<br \/>\n\u2022 servo motor la 230V\/50Hz cu consum redus de energie \u00eentre 150-400 W\/h<br \/>\n\u2022 \u00eentoarcerea automat\u0103 la punctul de origine dup\u0103 fiecare brodare<br \/>\n\u2022 autotestarea automat\u0103 a diferitor componente ale ma\u0219inii de brodat pentru determinarea problemelor<br \/>\n\u2022 \u00eentre\u021binere simpl\u0103 care poate fi f\u0103cut\u0103 cu o instruire minimal\u0103 chiar de c\u0103tre personalul operator<br \/>\n\u2022 lamp\u0103 pentru iluminat<br \/>\n\u2022 poate fi conectat\u0103 \u00een re\u021bea sau la internet<br \/>\n\u2022 dimensiuni 166x130x174 cm<br \/>\n\u2022 greutate 400 Kg \/ gata de livrare 535 Kg<\/p>\n<p>ACCESORII INCLUSE<br \/>\n\u2022 4 gherghefe rotunde de 9 cm<br \/>\n\u2022 4 gherghefe rotunde de 12 cm<br \/>\n\u2022 4 gherghefe rotunde de 15 cm<br \/>\n\u2022 4 gherghefe rotunde de 20 cm<br \/>\n\u2022 4 gherghefe p\u0103trate de 29&#215;29 cm<br \/>\n\u2022 2 platforme cu cadru plat<br \/>\n\u2022 4 gherghefe pentru \u0219epci<br \/>\n\u2022 2 dispozitive pentru \u0219epci<br \/>\n\u2022 trus\u0103 de scule \u0219i bobinator<br \/>\n          ACCESORII OP\u021aIONALE<br \/>\n\u2022 dispozitiv de paiete<br \/>\n\u2022 dispozitiv de brodare cu \u0219nur<br \/>\n\u2022 dispozitiv de broderie spart\u0103<br \/>\n\u2022 sistem de pozi\u021bionare cu laser<br \/>\n\u2022 dispozitiv de brodat benti\u021be (panglici) \u0219i curele textile<br \/>\n\u2022 set special de gheghefe 8 \u00een 1 pentru brodat elemente dificile (buzunare, gulere, m\u00e2neci, papioane,<\/p>\n","protected":false},"excerpt":{"rendered":"<p>RICOMA RCM-1202CH\/RCM-1502CH &#8211; este o ma\u0219in\u0103 de brodat industrial\u0103 extrem de fiabil\u0103 at\u00e2t mecanic c\u00e2t \u0219i electronic cu dou\u0103 (2) capete de brodare, fiecare cu 12\/15 culori.<br \/>\nSe poate folosi pentru brodare plan\u0103, inclusiv gen\u021bi \u0219i pungi, c\u00e2t \u0219i pentru brodarea de \u0219epci \u0219i lenjerie.<br \/>\nMa\u0219inile Ricoma \u00eenglobeaz\u0103 tehnologie mecanic\u0103 \u0219i electronic\u0103 de ultim\u0103 genera\u021bie. Dispune de un sistem de operare propriu, cu o interfa\u021b\u0103 intuitiv\u0103, care permite modificarea modelelor de brodat pe loc \u0219i editarea de cifre \u0219i litere direct pe software-ul ma\u0219inii f\u0103r\u0103 a mai fi nevoie s\u0103 fie editate \u0219i prelucrate pe un computer, elimin\u00e2nd necesitatea de software adi\u021bional \u00een cazul \u00een care se dore\u0219te brodarea de texte, permi\u021b\u00e2nd astfel o productivitate sporit\u0103 a muncii. Modelele de brodat pot fi \u00eenc\u0103rcate u\u0219or prin intermediul unui port USB direct de pe flash drive direct \u00een ma\u0219in\u0103 care cite\u0219te formate DST \u0219i DSB.<br \/>\nDispune de un panou de control LCD de 20 cm cu touchscreen u\u0219or de utilizat \u0219i intuitiv. Este silen\u021bioas\u0103 sub 85dB cu vibra\u021bii reduse.<\/p>\n","protected":false},"featured_media":1195,"comment_status":"closed","ping_status":"open","template":"","meta":[],"yoast_head":"<!-- This site is optimized with the Yoast SEO plugin v15.2.1 - https:\/\/yoast.com\/wordpress\/plugins\/seo\/ -->\n<title>RICOMA-RCM-1202CH-RCM-1502CH - Yamatex.ro | Masini de cusut industriale<\/title>\n<meta name=\"description\" content=\"RICOMA-RCM-1202CH-RCM-1502CH Yamatex.ro | Masini de cusut industriale, noi second hand. Peste 1000 de utilaje in stoc.\" \/>\n<meta name=\"robots\" content=\"index, follow, max-snippet:-1, max-image-preview:large, max-video-preview:-1\" \/>\n<link rel=\"canonical\" href=\"https:\/\/clienti.webdesk.ro\/yamatex\/p\/ricoma-rcm-1202ch-rcm-1502ch\/\" \/>\n<meta property=\"og:locale\" content=\"ro_RO\" \/>\n<meta property=\"og:type\" content=\"article\" \/>\n<meta property=\"og:title\" content=\"RICOMA-RCM-1202CH-RCM-1502CH - Yamatex.ro | Masini de cusut industriale\" \/>\n<meta property=\"og:description\" content=\"RICOMA-RCM-1202CH-RCM-1502CH Yamatex.ro | Masini de cusut industriale, noi second hand. Peste 1000 de utilaje in stoc.\" \/>\n<meta property=\"og:url\" content=\"https:\/\/clienti.webdesk.ro\/yamatex\/p\/ricoma-rcm-1202ch-rcm-1502ch\/\" \/>\n<meta property=\"og:site_name\" content=\"Yamatex.ro | Masini de cusut industriale\" \/>\n<meta property=\"article:publisher\" content=\"https:\/\/www.facebook.com\/Yamatex-Ploiesti-Masini-de-cusut-industriale-978082192227997\/\" \/>\n<meta property=\"article:modified_time\" content=\"2023-04-03T11:48:43+00:00\" \/>\n<meta property=\"og:image\" content=\"https:\/\/clienti.webdesk.ro\/yamatex\/wp-content\/uploads\/2018\/08\/RICOMA-RCM-1202CH-RCM-1502CH.jpg\" \/>\n\t<meta property=\"og:image:width\" content=\"740\" \/>\n\t<meta property=\"og:image:height\" content=\"614\" \/>\n<meta name=\"twitter:card\" content=\"summary_large_image\" \/>\n<meta name=\"twitter:label1\" content=\"Scris de\">\n\t<meta name=\"twitter:data1\" content=\"admin\">\n\t<meta name=\"twitter:label2\" content=\"Timp estimat pentru citire\">\n\t<meta name=\"twitter:data2\" content=\"1 minut\">\n<script type=\"application\/ld+json\" class=\"yoast-schema-graph\">{\"@context\":\"https:\/\/schema.org\",\"@graph\":[{\"@type\":\"Organization\",\"@id\":\"https:\/\/clienti.webdesk.ro\/yamatex\/#organization\",\"name\":\"Yamatex\",\"url\":\"https:\/\/clienti.webdesk.ro\/yamatex\/\",\"sameAs\":[\"https:\/\/www.facebook.com\/Yamatex-Ploiesti-Masini-de-cusut-industriale-978082192227997\/\"],\"logo\":{\"@type\":\"ImageObject\",\"@id\":\"https:\/\/clienti.webdesk.ro\/yamatex\/#logo\",\"inLanguage\":\"ro-RO\",\"url\":\"https:\/\/clienti.webdesk.ro\/yamatex\/wp-content\/uploads\/2018\/08\/yamatex-land.jpg\",\"width\":600,\"height\":360,\"caption\":\"Yamatex\"},\"image\":{\"@id\":\"https:\/\/clienti.webdesk.ro\/yamatex\/#logo\"}},{\"@type\":\"WebSite\",\"@id\":\"https:\/\/clienti.webdesk.ro\/yamatex\/#website\",\"url\":\"https:\/\/clienti.webdesk.ro\/yamatex\/\",\"name\":\"Yamatex.ro | Masini de cusut industriale\",\"description\":\"Yamatex.ro | Masini de cusut industriale, noi second hand. Peste 1000 de utilaje in stoc. 15 ani de experienta. Finantare fonduri europene. Oferta avantajoasa. Calitate garantata. Livrare in toata tara.\",\"publisher\":{\"@id\":\"https:\/\/clienti.webdesk.ro\/yamatex\/#organization\"},\"potentialAction\":[{\"@type\":\"SearchAction\",\"target\":\"https:\/\/clienti.webdesk.ro\/yamatex\/?s={search_term_string}\",\"query-input\":\"required name=search_term_string\"}],\"inLanguage\":\"ro-RO\"},{\"@type\":\"ImageObject\",\"@id\":\"https:\/\/clienti.webdesk.ro\/yamatex\/p\/ricoma-rcm-1202ch-rcm-1502ch\/#primaryimage\",\"inLanguage\":\"ro-RO\",\"url\":\"https:\/\/clienti.webdesk.ro\/yamatex\/wp-content\/uploads\/2018\/08\/RICOMA-RCM-1202CH-RCM-1502CH.jpg\",\"width\":740,\"height\":614},{\"@type\":\"WebPage\",\"@id\":\"https:\/\/clienti.webdesk.ro\/yamatex\/p\/ricoma-rcm-1202ch-rcm-1502ch\/#webpage\",\"url\":\"https:\/\/clienti.webdesk.ro\/yamatex\/p\/ricoma-rcm-1202ch-rcm-1502ch\/\",\"name\":\"RICOMA-RCM-1202CH-RCM-1502CH - Yamatex.ro | Masini de cusut industriale\",\"isPartOf\":{\"@id\":\"https:\/\/clienti.webdesk.ro\/yamatex\/#website\"},\"primaryImageOfPage\":{\"@id\":\"https:\/\/clienti.webdesk.ro\/yamatex\/p\/ricoma-rcm-1202ch-rcm-1502ch\/#primaryimage\"},\"datePublished\":\"2018-08-20T12:46:51+00:00\",\"dateModified\":\"2023-04-03T11:48:43+00:00\",\"description\":\"RICOMA-RCM-1202CH-RCM-1502CH Yamatex.ro | Masini de cusut industriale, noi second hand. Peste 1000 de utilaje in stoc.\",\"inLanguage\":\"ro-RO\",\"potentialAction\":[{\"@type\":\"ReadAction\",\"target\":[\"https:\/\/clienti.webdesk.ro\/yamatex\/p\/ricoma-rcm-1202ch-rcm-1502ch\/\"]}]}]}<\/script>\n<!-- \/ Yoast SEO plugin. -->","_links":{"self":[{"href":"https:\/\/clienti.webdesk.ro\/yamatex\/wp-json\/wp\/v2\/product\/1373"}],"collection":[{"href":"https:\/\/clienti.webdesk.ro\/yamatex\/wp-json\/wp\/v2\/product"}],"about":[{"href":"https:\/\/clienti.webdesk.ro\/yamatex\/wp-json\/wp\/v2\/types\/product"}],"replies":[{"embeddable":true,"href":"https:\/\/clienti.webdesk.ro\/yamatex\/wp-json\/wp\/v2\/comments?post=1373"}],"wp:featuredmedia":[{"embeddable":true,"href":"https:\/\/clienti.webdesk.ro\/yamatex\/wp-json\/wp\/v2\/media\/1195"}],"wp:attachment":[{"href":"https:\/\/clienti.webdesk.ro\/yamatex\/wp-json\/wp\/v2\/media?parent=1373"}],"curies":[{"name":"wp","href":"https:\/\/api.w.org\/{rel}","templated":true}]}}