{"id":1372,"date":"2018-08-20T12:46:51","date_gmt":"2018-08-20T12:46:51","guid":{"rendered":"http:\/\/testare2.realizare-site-ieftin.ro\/product\/siruba-c007k-kd\/"},"modified":"2023-04-03T11:48:43","modified_gmt":"2023-04-03T11:48:43","slug":"siruba-c007k-kd","status":"publish","type":"product","link":"https:\/\/clienti.webdesk.ro\/yamatex\/p\/siruba-c007k-kd\/","title":{"rendered":"SIRUBA C007K\/KD"},"content":{"rendered":"<p>Ma\u0219ina dispune de servomotor ce func\u021bioneaz\u0103 la 230V\/50Hz, modelulK are motorul amplasat sub blat iar modelul KD dispune de direct drive.<br \/>\nMa\u0219inile cu literele CZ sunt dotate standard cu dispozitiv pneumatic de inserat elasticul iar cele cu literele CZP sunt manuale. Indiferent de model toate ma\u0219inile vin echipate cu dispozitiv pneumatic de t\u0103iere automat\u0103 a firului \u0219i rol\u0103 tubular\u0103 de extensie.<br \/>\nLa ma\u0219in\u0103 se pot ata\u0219a urm\u0103toarele op\u021bionale:<br \/>\nCL &#8211; dispozitiv de tragere a \u021bes\u0103turii<br \/>\nUTQ &#8211; t\u0103ietor pneumatic automat jos de fir<br \/>\nUTS &#8211; dispozitiv electric de t\u0103iere automat\u0103 jos a firului<br \/>\nUTR &#8211; dispozitiv electric de t\u0103iere automat\u0103 sus-jos a firului<\/p>\n","protected":false},"excerpt":{"rendered":"<p>SIRUBA C007K\/KD &#8211; este o ma\u0219in\u0103 pentru cus\u0103tur\u0103 de acoperire \u0219i de aplicat elasticul \u00een tub realizat de material textil cu bra\u021b cilindric, cu 3 ace \u0219i 5 fire.<br \/>\nSpa\u021biul de lucru este iluminat cu LED.<\/p>\n","protected":false},"featured_media":1197,"comment_status":"closed","ping_status":"open","template":"","meta":[],"yoast_head":"<!-- This site is optimized with the Yoast SEO plugin v15.2.1 - https:\/\/yoast.com\/wordpress\/plugins\/seo\/ -->\n<title>SIRUBA C007K\/KD - Yamatex.ro | Masini de cusut industriale<\/title>\n<meta name=\"description\" content=\"SIRUBA C007K\/KD Yamatex.ro | Masini de cusut industriale, noi second hand. Peste 1000 de utilaje in stoc.\" \/>\n<meta name=\"robots\" content=\"index, follow, max-snippet:-1, max-image-preview:large, max-video-preview:-1\" \/>\n<link rel=\"canonical\" href=\"https:\/\/clienti.webdesk.ro\/yamatex\/p\/siruba-c007k-kd\/\" \/>\n<meta property=\"og:locale\" content=\"ro_RO\" \/>\n<meta property=\"og:type\" content=\"article\" \/>\n<meta property=\"og:title\" content=\"SIRUBA C007K\/KD - Yamatex.ro | Masini de cusut industriale\" \/>\n<meta property=\"og:description\" content=\"SIRUBA C007K\/KD Yamatex.ro | Masini de cusut industriale, noi second hand. Peste 1000 de utilaje in stoc.\" \/>\n<meta property=\"og:url\" content=\"https:\/\/clienti.webdesk.ro\/yamatex\/p\/siruba-c007k-kd\/\" \/>\n<meta property=\"og:site_name\" content=\"Yamatex.ro | Masini de cusut industriale\" \/>\n<meta property=\"article:publisher\" content=\"https:\/\/www.facebook.com\/Yamatex-Ploiesti-Masini-de-cusut-industriale-978082192227997\/\" \/>\n<meta property=\"article:modified_time\" content=\"2023-04-03T11:48:43+00:00\" \/>\n<meta property=\"og:image\" content=\"https:\/\/clienti.webdesk.ro\/yamatex\/wp-content\/uploads\/2018\/08\/SIRUBA-C007K-KD.jpg\" \/>\n\t<meta property=\"og:image:width\" content=\"793\" \/>\n\t<meta property=\"og:image:height\" content=\"529\" \/>\n<meta name=\"twitter:card\" content=\"summary_large_image\" \/>\n<meta name=\"twitter:label1\" content=\"Scris de\">\n\t<meta name=\"twitter:data1\" content=\"admin\">\n\t<meta name=\"twitter:label2\" content=\"Timp estimat pentru citire\">\n\t<meta name=\"twitter:data2\" content=\"0 minute\">\n<script type=\"application\/ld+json\" class=\"yoast-schema-graph\">{\"@context\":\"https:\/\/schema.org\",\"@graph\":[{\"@type\":\"Organization\",\"@id\":\"https:\/\/clienti.webdesk.ro\/yamatex\/#organization\",\"name\":\"Yamatex\",\"url\":\"https:\/\/clienti.webdesk.ro\/yamatex\/\",\"sameAs\":[\"https:\/\/www.facebook.com\/Yamatex-Ploiesti-Masini-de-cusut-industriale-978082192227997\/\"],\"logo\":{\"@type\":\"ImageObject\",\"@id\":\"https:\/\/clienti.webdesk.ro\/yamatex\/#logo\",\"inLanguage\":\"ro-RO\",\"url\":\"https:\/\/clienti.webdesk.ro\/yamatex\/wp-content\/uploads\/2018\/08\/yamatex-land.jpg\",\"width\":600,\"height\":360,\"caption\":\"Yamatex\"},\"image\":{\"@id\":\"https:\/\/clienti.webdesk.ro\/yamatex\/#logo\"}},{\"@type\":\"WebSite\",\"@id\":\"https:\/\/clienti.webdesk.ro\/yamatex\/#website\",\"url\":\"https:\/\/clienti.webdesk.ro\/yamatex\/\",\"name\":\"Yamatex.ro | Masini de cusut industriale\",\"description\":\"Yamatex.ro | Masini de cusut industriale, noi second hand. Peste 1000 de utilaje in stoc. 15 ani de experienta. Finantare fonduri europene. Oferta avantajoasa. Calitate garantata. Livrare in toata tara.\",\"publisher\":{\"@id\":\"https:\/\/clienti.webdesk.ro\/yamatex\/#organization\"},\"potentialAction\":[{\"@type\":\"SearchAction\",\"target\":\"https:\/\/clienti.webdesk.ro\/yamatex\/?s={search_term_string}\",\"query-input\":\"required name=search_term_string\"}],\"inLanguage\":\"ro-RO\"},{\"@type\":\"ImageObject\",\"@id\":\"https:\/\/clienti.webdesk.ro\/yamatex\/p\/siruba-c007k-kd\/#primaryimage\",\"inLanguage\":\"ro-RO\",\"url\":\"https:\/\/clienti.webdesk.ro\/yamatex\/wp-content\/uploads\/2018\/08\/SIRUBA-C007K-KD.jpg\",\"width\":793,\"height\":529},{\"@type\":\"WebPage\",\"@id\":\"https:\/\/clienti.webdesk.ro\/yamatex\/p\/siruba-c007k-kd\/#webpage\",\"url\":\"https:\/\/clienti.webdesk.ro\/yamatex\/p\/siruba-c007k-kd\/\",\"name\":\"SIRUBA C007K\/KD - Yamatex.ro | Masini de cusut industriale\",\"isPartOf\":{\"@id\":\"https:\/\/clienti.webdesk.ro\/yamatex\/#website\"},\"primaryImageOfPage\":{\"@id\":\"https:\/\/clienti.webdesk.ro\/yamatex\/p\/siruba-c007k-kd\/#primaryimage\"},\"datePublished\":\"2018-08-20T12:46:51+00:00\",\"dateModified\":\"2023-04-03T11:48:43+00:00\",\"description\":\"SIRUBA C007K\/KD Yamatex.ro | Masini de cusut industriale, noi second hand. Peste 1000 de utilaje in stoc.\",\"inLanguage\":\"ro-RO\",\"potentialAction\":[{\"@type\":\"ReadAction\",\"target\":[\"https:\/\/clienti.webdesk.ro\/yamatex\/p\/siruba-c007k-kd\/\"]}]}]}<\/script>\n<!-- \/ Yoast SEO plugin. -->","_links":{"self":[{"href":"https:\/\/clienti.webdesk.ro\/yamatex\/wp-json\/wp\/v2\/product\/1372"}],"collection":[{"href":"https:\/\/clienti.webdesk.ro\/yamatex\/wp-json\/wp\/v2\/product"}],"about":[{"href":"https:\/\/clienti.webdesk.ro\/yamatex\/wp-json\/wp\/v2\/types\/product"}],"replies":[{"embeddable":true,"href":"https:\/\/clienti.webdesk.ro\/yamatex\/wp-json\/wp\/v2\/comments?post=1372"}],"wp:featuredmedia":[{"embeddable":true,"href":"https:\/\/clienti.webdesk.ro\/yamatex\/wp-json\/wp\/v2\/media\/1197"}],"wp:attachment":[{"href":"https:\/\/clienti.webdesk.ro\/yamatex\/wp-json\/wp\/v2\/media?parent=1372"}],"curies":[{"name":"wp","href":"https:\/\/api.w.org\/{rel}","templated":true}]}}