{"id":1365,"date":"2018-08-20T12:46:51","date_gmt":"2018-08-20T12:46:51","guid":{"rendered":"http:\/\/testare2.realizare-site-ieftin.ro\/product\/pfaff-1471\/"},"modified":"2023-04-03T11:48:38","modified_gmt":"2023-04-03T11:48:38","slug":"pfaff-1471","status":"publish","type":"product","link":"https:\/\/clienti.webdesk.ro\/yamatex\/p\/pfaff-1471\/","title":{"rendered":"Pfaff 1471"},"content":{"rendered":"","protected":false},"excerpt":{"rendered":"<p>Creative 1471 este o ma\u0219in\u0103 electronic\u0103 de cusut care v\u0103 va oferi o cus\u0103tur\u0103 perfect\u0103. Aceast\u0103 ma\u0219in\u0103 de cusut creativ Pfaff, cu 100 de cus\u0103turi \u00eencorporate \u0219i multe cus\u0103turi de broderie, v\u0103 ofer\u0103 o mul\u021bime de variet\u0103\u021bi. Mecanismul de alimentare dubl\u0103 \u00een aceast\u0103 ma\u0219in\u0103 de cusut Pffaf \u00eempiedic\u0103 mi\u0219carea materialului la cus\u0103tur\u0103. Programarea gratuit\u0103 \u00een aceast\u0103 ma\u0219in\u0103 de cusut creatoare Pfaff v\u0103 permite s\u0103 v\u0103 crea\u021bi propriile modele \u0219i s\u0103 le stoca\u021bi pe calculator. De asemenea, pute\u021bi realiza coaserea bra\u021bului liber cu aceast\u0103 ma\u0219in\u0103 de cusut Pffaf, prin scoaterea prelungitoarei. Creative 1471 este o ma\u0219in\u0103 de cusut foarte eficient\u0103 \u0219i fin\u0103<\/p>\n","protected":false},"featured_media":1188,"comment_status":"closed","ping_status":"open","template":"","meta":[],"yoast_head":"<!-- This site is optimized with the Yoast SEO plugin v15.2.1 - https:\/\/yoast.com\/wordpress\/plugins\/seo\/ -->\n<title>Pfaff 1471 - Yamatex.ro | Masini de cusut industriale<\/title>\n<meta name=\"description\" content=\"Pfaff 1471 Yamatex.ro | Masini de cusut industriale, noi second hand. Peste 1000 de utilaje in stoc.\" \/>\n<meta name=\"robots\" content=\"index, follow, max-snippet:-1, max-image-preview:large, max-video-preview:-1\" \/>\n<link rel=\"canonical\" href=\"https:\/\/clienti.webdesk.ro\/yamatex\/p\/pfaff-1471\/\" \/>\n<meta property=\"og:locale\" content=\"ro_RO\" \/>\n<meta property=\"og:type\" content=\"article\" \/>\n<meta property=\"og:title\" content=\"Pfaff 1471 - Yamatex.ro | Masini de cusut industriale\" \/>\n<meta property=\"og:description\" content=\"Pfaff 1471 Yamatex.ro | Masini de cusut industriale, noi second hand. Peste 1000 de utilaje in stoc.\" \/>\n<meta property=\"og:url\" content=\"https:\/\/clienti.webdesk.ro\/yamatex\/p\/pfaff-1471\/\" \/>\n<meta property=\"og:site_name\" content=\"Yamatex.ro | Masini de cusut industriale\" \/>\n<meta property=\"article:publisher\" content=\"https:\/\/www.facebook.com\/Yamatex-Ploiesti-Masini-de-cusut-industriale-978082192227997\/\" \/>\n<meta property=\"article:modified_time\" content=\"2023-04-03T11:48:38+00:00\" \/>\n<meta property=\"og:image\" content=\"https:\/\/clienti.webdesk.ro\/yamatex\/wp-content\/uploads\/2018\/08\/Pfaff-1471.jpg\" \/>\n\t<meta property=\"og:image:width\" content=\"960\" \/>\n\t<meta property=\"og:image:height\" content=\"720\" \/>\n<meta name=\"twitter:card\" content=\"summary_large_image\" \/>\n<meta name=\"twitter:label1\" content=\"Scris de\">\n\t<meta name=\"twitter:data1\" content=\"admin\">\n<script type=\"application\/ld+json\" class=\"yoast-schema-graph\">{\"@context\":\"https:\/\/schema.org\",\"@graph\":[{\"@type\":\"Organization\",\"@id\":\"https:\/\/clienti.webdesk.ro\/yamatex\/#organization\",\"name\":\"Yamatex\",\"url\":\"https:\/\/clienti.webdesk.ro\/yamatex\/\",\"sameAs\":[\"https:\/\/www.facebook.com\/Yamatex-Ploiesti-Masini-de-cusut-industriale-978082192227997\/\"],\"logo\":{\"@type\":\"ImageObject\",\"@id\":\"https:\/\/clienti.webdesk.ro\/yamatex\/#logo\",\"inLanguage\":\"ro-RO\",\"url\":\"https:\/\/clienti.webdesk.ro\/yamatex\/wp-content\/uploads\/2018\/08\/yamatex-land.jpg\",\"width\":600,\"height\":360,\"caption\":\"Yamatex\"},\"image\":{\"@id\":\"https:\/\/clienti.webdesk.ro\/yamatex\/#logo\"}},{\"@type\":\"WebSite\",\"@id\":\"https:\/\/clienti.webdesk.ro\/yamatex\/#website\",\"url\":\"https:\/\/clienti.webdesk.ro\/yamatex\/\",\"name\":\"Yamatex.ro | Masini de cusut industriale\",\"description\":\"Yamatex.ro | Masini de cusut industriale, noi second hand. Peste 1000 de utilaje in stoc. 15 ani de experienta. Finantare fonduri europene. Oferta avantajoasa. Calitate garantata. Livrare in toata tara.\",\"publisher\":{\"@id\":\"https:\/\/clienti.webdesk.ro\/yamatex\/#organization\"},\"potentialAction\":[{\"@type\":\"SearchAction\",\"target\":\"https:\/\/clienti.webdesk.ro\/yamatex\/?s={search_term_string}\",\"query-input\":\"required name=search_term_string\"}],\"inLanguage\":\"ro-RO\"},{\"@type\":\"ImageObject\",\"@id\":\"https:\/\/clienti.webdesk.ro\/yamatex\/p\/pfaff-1471\/#primaryimage\",\"inLanguage\":\"ro-RO\",\"url\":\"https:\/\/clienti.webdesk.ro\/yamatex\/wp-content\/uploads\/2018\/08\/Pfaff-1471.jpg\",\"width\":960,\"height\":720},{\"@type\":\"WebPage\",\"@id\":\"https:\/\/clienti.webdesk.ro\/yamatex\/p\/pfaff-1471\/#webpage\",\"url\":\"https:\/\/clienti.webdesk.ro\/yamatex\/p\/pfaff-1471\/\",\"name\":\"Pfaff 1471 - Yamatex.ro | Masini de cusut industriale\",\"isPartOf\":{\"@id\":\"https:\/\/clienti.webdesk.ro\/yamatex\/#website\"},\"primaryImageOfPage\":{\"@id\":\"https:\/\/clienti.webdesk.ro\/yamatex\/p\/pfaff-1471\/#primaryimage\"},\"datePublished\":\"2018-08-20T12:46:51+00:00\",\"dateModified\":\"2023-04-03T11:48:38+00:00\",\"description\":\"Pfaff 1471 Yamatex.ro | Masini de cusut industriale, noi second hand. Peste 1000 de utilaje in stoc.\",\"inLanguage\":\"ro-RO\",\"potentialAction\":[{\"@type\":\"ReadAction\",\"target\":[\"https:\/\/clienti.webdesk.ro\/yamatex\/p\/pfaff-1471\/\"]}]}]}<\/script>\n<!-- \/ Yoast SEO plugin. -->","_links":{"self":[{"href":"https:\/\/clienti.webdesk.ro\/yamatex\/wp-json\/wp\/v2\/product\/1365"}],"collection":[{"href":"https:\/\/clienti.webdesk.ro\/yamatex\/wp-json\/wp\/v2\/product"}],"about":[{"href":"https:\/\/clienti.webdesk.ro\/yamatex\/wp-json\/wp\/v2\/types\/product"}],"replies":[{"embeddable":true,"href":"https:\/\/clienti.webdesk.ro\/yamatex\/wp-json\/wp\/v2\/comments?post=1365"}],"wp:featuredmedia":[{"embeddable":true,"href":"https:\/\/clienti.webdesk.ro\/yamatex\/wp-json\/wp\/v2\/media\/1188"}],"wp:attachment":[{"href":"https:\/\/clienti.webdesk.ro\/yamatex\/wp-json\/wp\/v2\/media?parent=1365"}],"curies":[{"name":"wp","href":"https:\/\/api.w.org\/{rel}","templated":true}]}}