{"id":1338,"date":"2018-08-20T12:46:45","date_gmt":"2018-08-20T12:46:45","guid":{"rendered":"http:\/\/testare2.realizare-site-ieftin.ro\/product\/jack-jk-t781-782\/"},"modified":"2023-04-03T11:48:51","modified_gmt":"2023-04-03T11:48:51","slug":"jack-jk-t781-782","status":"publish","type":"product","link":"https:\/\/clienti.webdesk.ro\/yamatex\/p\/jack-jk-t781-782\/","title":{"rendered":"JACK JK-T781\/782"},"content":{"rendered":"<p>Dispune de iluminare LED a spa\u021biului de lucru.<br \/>\nPanoul de control este extrem de u\u0219or de folosit iar ma\u0219ina dispune de func\u021bia de economisire a energiei care asigur\u0103 economii de p\u00e2n\u0103 la 70%.<br \/>\nFunc\u021bioneaz\u0103 la 220V\/50Hz.<\/p>\n","protected":false},"excerpt":{"rendered":"<p>JACK JK-T781E \u2013 este o ma\u0219in\u0103 de cusut electronic\u0103, folosit\u0103 pentru coaserea automat\u0103 a butonierelor.<br \/>\nDispune de o platform\u0103 mecanic\u0103 avansat\u0103 \u0219i \u00eembun\u0103t\u0103\u021bit\u0103 comparativ cu modelele anterioare av\u00e2nd servomotorul cu direct drive \u0219i panou de control integrat \u00een capul ma\u0219inii. Circuitele de control \u0219i servomotorul sunt protejate \u00eempotriva prafului elimin\u00e2nd supra\u00eenc\u0103lzirea si posibilele defec\u021biuni generate de acesta.<\/p>\n","protected":false},"featured_media":1164,"comment_status":"closed","ping_status":"open","template":"","meta":[],"yoast_head":"<!-- This site is optimized with the Yoast SEO plugin v15.2.1 - https:\/\/yoast.com\/wordpress\/plugins\/seo\/ -->\n<title>JACK JK-T781\/782 - Yamatex.ro | Masini de cusut industriale<\/title>\n<meta name=\"description\" content=\"JACK JK-T781\/782 Yamatex.ro | Masini de cusut industriale, noi second hand. Peste 1000 de utilaje in stoc.\" \/>\n<meta name=\"robots\" content=\"index, follow, max-snippet:-1, max-image-preview:large, max-video-preview:-1\" \/>\n<link rel=\"canonical\" href=\"https:\/\/clienti.webdesk.ro\/yamatex\/p\/jack-jk-t781-782\/\" \/>\n<meta property=\"og:locale\" content=\"ro_RO\" \/>\n<meta property=\"og:type\" content=\"article\" \/>\n<meta property=\"og:title\" content=\"JACK JK-T781\/782 - Yamatex.ro | Masini de cusut industriale\" \/>\n<meta property=\"og:description\" content=\"JACK JK-T781\/782 Yamatex.ro | Masini de cusut industriale, noi second hand. Peste 1000 de utilaje in stoc.\" \/>\n<meta property=\"og:url\" content=\"https:\/\/clienti.webdesk.ro\/yamatex\/p\/jack-jk-t781-782\/\" \/>\n<meta property=\"og:site_name\" content=\"Yamatex.ro | Masini de cusut industriale\" \/>\n<meta property=\"article:publisher\" content=\"https:\/\/www.facebook.com\/Yamatex-Ploiesti-Masini-de-cusut-industriale-978082192227997\/\" \/>\n<meta property=\"article:modified_time\" content=\"2023-04-03T11:48:51+00:00\" \/>\n<meta property=\"og:image\" content=\"https:\/\/clienti.webdesk.ro\/yamatex\/wp-content\/uploads\/2018\/08\/JACK-JK-T781-782.jpg\" \/>\n\t<meta property=\"og:image:width\" content=\"701\" \/>\n\t<meta property=\"og:image:height\" content=\"468\" \/>\n<meta name=\"twitter:card\" content=\"summary_large_image\" \/>\n<meta name=\"twitter:label1\" content=\"Scris de\">\n\t<meta name=\"twitter:data1\" content=\"admin\">\n\t<meta name=\"twitter:label2\" content=\"Timp estimat pentru citire\">\n\t<meta name=\"twitter:data2\" content=\"0 minute\">\n<script type=\"application\/ld+json\" class=\"yoast-schema-graph\">{\"@context\":\"https:\/\/schema.org\",\"@graph\":[{\"@type\":\"Organization\",\"@id\":\"https:\/\/clienti.webdesk.ro\/yamatex\/#organization\",\"name\":\"Yamatex\",\"url\":\"https:\/\/clienti.webdesk.ro\/yamatex\/\",\"sameAs\":[\"https:\/\/www.facebook.com\/Yamatex-Ploiesti-Masini-de-cusut-industriale-978082192227997\/\"],\"logo\":{\"@type\":\"ImageObject\",\"@id\":\"https:\/\/clienti.webdesk.ro\/yamatex\/#logo\",\"inLanguage\":\"ro-RO\",\"url\":\"https:\/\/clienti.webdesk.ro\/yamatex\/wp-content\/uploads\/2018\/08\/yamatex-land.jpg\",\"width\":600,\"height\":360,\"caption\":\"Yamatex\"},\"image\":{\"@id\":\"https:\/\/clienti.webdesk.ro\/yamatex\/#logo\"}},{\"@type\":\"WebSite\",\"@id\":\"https:\/\/clienti.webdesk.ro\/yamatex\/#website\",\"url\":\"https:\/\/clienti.webdesk.ro\/yamatex\/\",\"name\":\"Yamatex.ro | Masini de cusut industriale\",\"description\":\"Yamatex.ro | Masini de cusut industriale, noi second hand. Peste 1000 de utilaje in stoc. 15 ani de experienta. Finantare fonduri europene. Oferta avantajoasa. Calitate garantata. Livrare in toata tara.\",\"publisher\":{\"@id\":\"https:\/\/clienti.webdesk.ro\/yamatex\/#organization\"},\"potentialAction\":[{\"@type\":\"SearchAction\",\"target\":\"https:\/\/clienti.webdesk.ro\/yamatex\/?s={search_term_string}\",\"query-input\":\"required name=search_term_string\"}],\"inLanguage\":\"ro-RO\"},{\"@type\":\"ImageObject\",\"@id\":\"https:\/\/clienti.webdesk.ro\/yamatex\/p\/jack-jk-t781-782\/#primaryimage\",\"inLanguage\":\"ro-RO\",\"url\":\"https:\/\/clienti.webdesk.ro\/yamatex\/wp-content\/uploads\/2018\/08\/JACK-JK-T781-782.jpg\",\"width\":701,\"height\":468},{\"@type\":\"WebPage\",\"@id\":\"https:\/\/clienti.webdesk.ro\/yamatex\/p\/jack-jk-t781-782\/#webpage\",\"url\":\"https:\/\/clienti.webdesk.ro\/yamatex\/p\/jack-jk-t781-782\/\",\"name\":\"JACK JK-T781\/782 - Yamatex.ro | Masini de cusut industriale\",\"isPartOf\":{\"@id\":\"https:\/\/clienti.webdesk.ro\/yamatex\/#website\"},\"primaryImageOfPage\":{\"@id\":\"https:\/\/clienti.webdesk.ro\/yamatex\/p\/jack-jk-t781-782\/#primaryimage\"},\"datePublished\":\"2018-08-20T12:46:45+00:00\",\"dateModified\":\"2023-04-03T11:48:51+00:00\",\"description\":\"JACK JK-T781\/782 Yamatex.ro | Masini de cusut industriale, noi second hand. Peste 1000 de utilaje in stoc.\",\"inLanguage\":\"ro-RO\",\"potentialAction\":[{\"@type\":\"ReadAction\",\"target\":[\"https:\/\/clienti.webdesk.ro\/yamatex\/p\/jack-jk-t781-782\/\"]}]}]}<\/script>\n<!-- \/ Yoast SEO plugin. -->","_links":{"self":[{"href":"https:\/\/clienti.webdesk.ro\/yamatex\/wp-json\/wp\/v2\/product\/1338"}],"collection":[{"href":"https:\/\/clienti.webdesk.ro\/yamatex\/wp-json\/wp\/v2\/product"}],"about":[{"href":"https:\/\/clienti.webdesk.ro\/yamatex\/wp-json\/wp\/v2\/types\/product"}],"replies":[{"embeddable":true,"href":"https:\/\/clienti.webdesk.ro\/yamatex\/wp-json\/wp\/v2\/comments?post=1338"}],"wp:featuredmedia":[{"embeddable":true,"href":"https:\/\/clienti.webdesk.ro\/yamatex\/wp-json\/wp\/v2\/media\/1164"}],"wp:attachment":[{"href":"https:\/\/clienti.webdesk.ro\/yamatex\/wp-json\/wp\/v2\/media?parent=1338"}],"curies":[{"name":"wp","href":"https:\/\/api.w.org\/{rel}","templated":true}]}}