{"id":1335,"date":"2018-08-20T12:46:45","date_gmt":"2018-08-20T12:46:45","guid":{"rendered":"http:\/\/testare2.realizare-site-ieftin.ro\/product\/jack-jk-t1900g-2\/"},"modified":"2023-04-03T11:48:51","modified_gmt":"2023-04-03T11:48:51","slug":"jack-jk-t1900g-2","status":"publish","type":"product","link":"https:\/\/clienti.webdesk.ro\/yamatex\/p\/jack-jk-t1900g-2\/","title":{"rendered":"JACK JK-T1900G"},"content":{"rendered":"<p>JACK JK-T1900G &#8211; este o ma\u0219in\u0103 computerizat\u0103, programabil\u0103 pentru coaserea automat\u0103 a chei\u021belor de \u00eent\u0103rire. Ma\u0219ina este capabil\u0103 s\u0103 realizeze chei\u021be \u00een material tricotat, s\u0103 coase modele inclusiv \u00een material elastic, g\u0103uri la \u0219epci \u0219i nasturi.<br \/>\nDispune de iluminare LED a spa\u021biului de lucru.<br \/>\nPanoul de control cu LED este simplu de folosit \u0219i intuitiv ceea ce permite utilizarea ma\u0219inii cu instructaj minimal.<\/p>\n<p>Dispune de t\u0103ierea automat\u0103 a firului de a\u021b\u0103 \u0219i de ridicare automat\u0103 a piciorului de presare.<br \/>\nDispune de servomotor cu direct drive.<br \/>\nFunc\u021bioneaz\u0103 la 220V\/50Hz<\/p>\n","protected":false},"excerpt":{"rendered":"<p>JACK JK-T1900G &#8211; este o ma\u0219in\u0103 computerizat\u0103, programabil\u0103 pentru coaserea automat\u0103 a chei\u021belor de \u00eent\u0103rire. Ma\u0219ina este capabil\u0103 s\u0103 realizeze chei\u021be \u00een material tricotat, s\u0103 coase modele inclusiv \u00een material elastic, g\u0103uri la \u0219epci \u0219i nasturi.<\/p>\n","protected":false},"featured_media":997,"comment_status":"closed","ping_status":"open","template":"","meta":[],"yoast_head":"<!-- This site is optimized with the Yoast SEO plugin v15.2.1 - https:\/\/yoast.com\/wordpress\/plugins\/seo\/ -->\n<title>JACK JK-T1900G - Yamatex.ro | Masini de cusut industriale<\/title>\n<meta name=\"description\" content=\"JACK JK-T1900G Yamatex.ro | Masini de cusut industriale, noi second hand. Peste 1000 de utilaje in stoc.\" \/>\n<meta name=\"robots\" content=\"index, follow, max-snippet:-1, max-image-preview:large, max-video-preview:-1\" \/>\n<link rel=\"canonical\" href=\"https:\/\/clienti.webdesk.ro\/yamatex\/p\/jack-jk-t1900g-2\/\" \/>\n<meta property=\"og:locale\" content=\"ro_RO\" \/>\n<meta property=\"og:type\" content=\"article\" \/>\n<meta property=\"og:title\" content=\"JACK JK-T1900G - Yamatex.ro | Masini de cusut industriale\" \/>\n<meta property=\"og:description\" content=\"JACK JK-T1900G Yamatex.ro | Masini de cusut industriale, noi second hand. Peste 1000 de utilaje in stoc.\" \/>\n<meta property=\"og:url\" content=\"https:\/\/clienti.webdesk.ro\/yamatex\/p\/jack-jk-t1900g-2\/\" \/>\n<meta property=\"og:site_name\" content=\"Yamatex.ro | Masini de cusut industriale\" \/>\n<meta property=\"article:publisher\" content=\"https:\/\/www.facebook.com\/Yamatex-Ploiesti-Masini-de-cusut-industriale-978082192227997\/\" \/>\n<meta property=\"article:modified_time\" content=\"2023-04-03T11:48:51+00:00\" \/>\n<meta property=\"og:image\" content=\"https:\/\/clienti.webdesk.ro\/yamatex\/wp-content\/uploads\/2018\/08\/JACK-JK-T1900G.jpg\" \/>\n\t<meta property=\"og:image:width\" content=\"713\" \/>\n\t<meta property=\"og:image:height\" content=\"461\" \/>\n<meta name=\"twitter:card\" content=\"summary_large_image\" \/>\n<meta name=\"twitter:label1\" content=\"Scris de\">\n\t<meta name=\"twitter:data1\" content=\"admin\">\n\t<meta name=\"twitter:label2\" content=\"Timp estimat pentru citire\">\n\t<meta name=\"twitter:data2\" content=\"0 minute\">\n<script type=\"application\/ld+json\" class=\"yoast-schema-graph\">{\"@context\":\"https:\/\/schema.org\",\"@graph\":[{\"@type\":\"Organization\",\"@id\":\"https:\/\/clienti.webdesk.ro\/yamatex\/#organization\",\"name\":\"Yamatex\",\"url\":\"https:\/\/clienti.webdesk.ro\/yamatex\/\",\"sameAs\":[\"https:\/\/www.facebook.com\/Yamatex-Ploiesti-Masini-de-cusut-industriale-978082192227997\/\"],\"logo\":{\"@type\":\"ImageObject\",\"@id\":\"https:\/\/clienti.webdesk.ro\/yamatex\/#logo\",\"inLanguage\":\"ro-RO\",\"url\":\"https:\/\/clienti.webdesk.ro\/yamatex\/wp-content\/uploads\/2018\/08\/yamatex-land.jpg\",\"width\":600,\"height\":360,\"caption\":\"Yamatex\"},\"image\":{\"@id\":\"https:\/\/clienti.webdesk.ro\/yamatex\/#logo\"}},{\"@type\":\"WebSite\",\"@id\":\"https:\/\/clienti.webdesk.ro\/yamatex\/#website\",\"url\":\"https:\/\/clienti.webdesk.ro\/yamatex\/\",\"name\":\"Yamatex.ro | Masini de cusut industriale\",\"description\":\"Yamatex.ro | Masini de cusut industriale, noi second hand. Peste 1000 de utilaje in stoc. 15 ani de experienta. Finantare fonduri europene. Oferta avantajoasa. Calitate garantata. Livrare in toata tara.\",\"publisher\":{\"@id\":\"https:\/\/clienti.webdesk.ro\/yamatex\/#organization\"},\"potentialAction\":[{\"@type\":\"SearchAction\",\"target\":\"https:\/\/clienti.webdesk.ro\/yamatex\/?s={search_term_string}\",\"query-input\":\"required name=search_term_string\"}],\"inLanguage\":\"ro-RO\"},{\"@type\":\"ImageObject\",\"@id\":\"https:\/\/clienti.webdesk.ro\/yamatex\/p\/jack-jk-t1900g-2\/#primaryimage\",\"inLanguage\":\"ro-RO\",\"url\":\"https:\/\/clienti.webdesk.ro\/yamatex\/wp-content\/uploads\/2018\/08\/JACK-JK-T1900G.jpg\",\"width\":713,\"height\":461},{\"@type\":\"WebPage\",\"@id\":\"https:\/\/clienti.webdesk.ro\/yamatex\/p\/jack-jk-t1900g-2\/#webpage\",\"url\":\"https:\/\/clienti.webdesk.ro\/yamatex\/p\/jack-jk-t1900g-2\/\",\"name\":\"JACK JK-T1900G - Yamatex.ro | Masini de cusut industriale\",\"isPartOf\":{\"@id\":\"https:\/\/clienti.webdesk.ro\/yamatex\/#website\"},\"primaryImageOfPage\":{\"@id\":\"https:\/\/clienti.webdesk.ro\/yamatex\/p\/jack-jk-t1900g-2\/#primaryimage\"},\"datePublished\":\"2018-08-20T12:46:45+00:00\",\"dateModified\":\"2023-04-03T11:48:51+00:00\",\"description\":\"JACK JK-T1900G Yamatex.ro | Masini de cusut industriale, noi second hand. Peste 1000 de utilaje in stoc.\",\"inLanguage\":\"ro-RO\",\"potentialAction\":[{\"@type\":\"ReadAction\",\"target\":[\"https:\/\/clienti.webdesk.ro\/yamatex\/p\/jack-jk-t1900g-2\/\"]}]}]}<\/script>\n<!-- \/ Yoast SEO plugin. -->","_links":{"self":[{"href":"https:\/\/clienti.webdesk.ro\/yamatex\/wp-json\/wp\/v2\/product\/1335"}],"collection":[{"href":"https:\/\/clienti.webdesk.ro\/yamatex\/wp-json\/wp\/v2\/product"}],"about":[{"href":"https:\/\/clienti.webdesk.ro\/yamatex\/wp-json\/wp\/v2\/types\/product"}],"replies":[{"embeddable":true,"href":"https:\/\/clienti.webdesk.ro\/yamatex\/wp-json\/wp\/v2\/comments?post=1335"}],"wp:featuredmedia":[{"embeddable":true,"href":"https:\/\/clienti.webdesk.ro\/yamatex\/wp-json\/wp\/v2\/media\/997"}],"wp:attachment":[{"href":"https:\/\/clienti.webdesk.ro\/yamatex\/wp-json\/wp\/v2\/media?parent=1335"}],"curies":[{"name":"wp","href":"https:\/\/api.w.org\/{rel}","templated":true}]}}