{"id":1313,"date":"2018-08-20T12:46:42","date_gmt":"2018-08-20T12:46:42","guid":{"rendered":"http:\/\/testare2.realizare-site-ieftin.ro\/product\/jack-804d\/"},"modified":"2023-04-03T11:48:56","modified_gmt":"2023-04-03T11:48:56","slug":"jack-804d","status":"publish","type":"product","link":"https:\/\/clienti.webdesk.ro\/yamatex\/p\/jack-804d\/","title":{"rendered":"Jack  804D"},"content":{"rendered":"<p>Posibilitatea de a coase materiale grele, cus\u0103turi frumoase pe materiale mai sub\u021biri. Ma\u0219ina are un mecanism optim de \u00eenchidere a acului \u0219i un mecanism de revenire a uleiului pentru a \u00eembun\u0103t\u0103\u021bi starea acului \u0219i pentru a preveni scurgerile de ulei.<br \/>\nL\u0103\u021bimea cus\u0103turii: 4mm<br \/>\nLungimea maxim\u0103 a cus\u0103turii: 4,2 mm<br \/>\nGrosimea acului: 2mm<br \/>\nPresser de ridicare picior: 5.5mm<br \/>\nViteza de cusut: 6000 curele \/ minut<br \/>\nSistem de aprindere: 11 #<\/p>\n","protected":false},"excerpt":{"rendered":"<p>Ma\u0219in\u0103 de cusut cu masc\u0103 de mare vitez\u0103, caracterizat\u0103 prin economisirea energie<br \/>\nMotorul economise\u0219te 71% din energie \u00een compara\u021bie cu motoarele mai vechi. Viteza se regleaz\u0103 u\u0219or prin func\u021bii simple.<\/p>\n","protected":false},"featured_media":998,"comment_status":"closed","ping_status":"open","template":"","meta":[],"yoast_head":"<!-- This site is optimized with the Yoast SEO plugin v15.2.1 - https:\/\/yoast.com\/wordpress\/plugins\/seo\/ -->\n<title>Jack 804D - Yamatex.ro | Masini de cusut industriale<\/title>\n<meta name=\"description\" content=\"Jack 804D Yamatex.ro | Masini de cusut industriale, noi second hand. Peste 1000 de utilaje in stoc.\" \/>\n<meta name=\"robots\" content=\"index, follow, max-snippet:-1, max-image-preview:large, max-video-preview:-1\" \/>\n<link rel=\"canonical\" href=\"https:\/\/clienti.webdesk.ro\/yamatex\/p\/jack-804d\/\" \/>\n<meta property=\"og:locale\" content=\"ro_RO\" \/>\n<meta property=\"og:type\" content=\"article\" \/>\n<meta property=\"og:title\" content=\"Jack 804D - Yamatex.ro | Masini de cusut industriale\" \/>\n<meta property=\"og:description\" content=\"Jack 804D Yamatex.ro | Masini de cusut industriale, noi second hand. Peste 1000 de utilaje in stoc.\" \/>\n<meta property=\"og:url\" content=\"https:\/\/clienti.webdesk.ro\/yamatex\/p\/jack-804d\/\" \/>\n<meta property=\"og:site_name\" content=\"Yamatex.ro | Masini de cusut industriale\" \/>\n<meta property=\"article:publisher\" content=\"https:\/\/www.facebook.com\/Yamatex-Ploiesti-Masini-de-cusut-industriale-978082192227997\/\" \/>\n<meta property=\"article:modified_time\" content=\"2023-04-03T11:48:56+00:00\" \/>\n<meta property=\"og:image\" content=\"https:\/\/clienti.webdesk.ro\/yamatex\/wp-content\/uploads\/2018\/08\/Jack-804D.jpg\" \/>\n\t<meta property=\"og:image:width\" content=\"511\" \/>\n\t<meta property=\"og:image:height\" content=\"383\" \/>\n<meta name=\"twitter:card\" content=\"summary_large_image\" \/>\n<meta name=\"twitter:label1\" content=\"Scris de\">\n\t<meta name=\"twitter:data1\" content=\"admin\">\n\t<meta name=\"twitter:label2\" content=\"Timp estimat pentru citire\">\n\t<meta name=\"twitter:data2\" content=\"0 minute\">\n<script type=\"application\/ld+json\" class=\"yoast-schema-graph\">{\"@context\":\"https:\/\/schema.org\",\"@graph\":[{\"@type\":\"Organization\",\"@id\":\"https:\/\/clienti.webdesk.ro\/yamatex\/#organization\",\"name\":\"Yamatex\",\"url\":\"https:\/\/clienti.webdesk.ro\/yamatex\/\",\"sameAs\":[\"https:\/\/www.facebook.com\/Yamatex-Ploiesti-Masini-de-cusut-industriale-978082192227997\/\"],\"logo\":{\"@type\":\"ImageObject\",\"@id\":\"https:\/\/clienti.webdesk.ro\/yamatex\/#logo\",\"inLanguage\":\"ro-RO\",\"url\":\"https:\/\/clienti.webdesk.ro\/yamatex\/wp-content\/uploads\/2018\/08\/yamatex-land.jpg\",\"width\":600,\"height\":360,\"caption\":\"Yamatex\"},\"image\":{\"@id\":\"https:\/\/clienti.webdesk.ro\/yamatex\/#logo\"}},{\"@type\":\"WebSite\",\"@id\":\"https:\/\/clienti.webdesk.ro\/yamatex\/#website\",\"url\":\"https:\/\/clienti.webdesk.ro\/yamatex\/\",\"name\":\"Yamatex.ro | Masini de cusut industriale\",\"description\":\"Yamatex.ro | Masini de cusut industriale, noi second hand. Peste 1000 de utilaje in stoc. 15 ani de experienta. Finantare fonduri europene. Oferta avantajoasa. Calitate garantata. Livrare in toata tara.\",\"publisher\":{\"@id\":\"https:\/\/clienti.webdesk.ro\/yamatex\/#organization\"},\"potentialAction\":[{\"@type\":\"SearchAction\",\"target\":\"https:\/\/clienti.webdesk.ro\/yamatex\/?s={search_term_string}\",\"query-input\":\"required name=search_term_string\"}],\"inLanguage\":\"ro-RO\"},{\"@type\":\"ImageObject\",\"@id\":\"https:\/\/clienti.webdesk.ro\/yamatex\/p\/jack-804d\/#primaryimage\",\"inLanguage\":\"ro-RO\",\"url\":\"https:\/\/clienti.webdesk.ro\/yamatex\/wp-content\/uploads\/2018\/08\/Jack-804D.jpg\",\"width\":511,\"height\":383},{\"@type\":\"WebPage\",\"@id\":\"https:\/\/clienti.webdesk.ro\/yamatex\/p\/jack-804d\/#webpage\",\"url\":\"https:\/\/clienti.webdesk.ro\/yamatex\/p\/jack-804d\/\",\"name\":\"Jack 804D - Yamatex.ro | Masini de cusut industriale\",\"isPartOf\":{\"@id\":\"https:\/\/clienti.webdesk.ro\/yamatex\/#website\"},\"primaryImageOfPage\":{\"@id\":\"https:\/\/clienti.webdesk.ro\/yamatex\/p\/jack-804d\/#primaryimage\"},\"datePublished\":\"2018-08-20T12:46:42+00:00\",\"dateModified\":\"2023-04-03T11:48:56+00:00\",\"description\":\"Jack 804D Yamatex.ro | Masini de cusut industriale, noi second hand. Peste 1000 de utilaje in stoc.\",\"inLanguage\":\"ro-RO\",\"potentialAction\":[{\"@type\":\"ReadAction\",\"target\":[\"https:\/\/clienti.webdesk.ro\/yamatex\/p\/jack-804d\/\"]}]}]}<\/script>\n<!-- \/ Yoast SEO plugin. -->","_links":{"self":[{"href":"https:\/\/clienti.webdesk.ro\/yamatex\/wp-json\/wp\/v2\/product\/1313"}],"collection":[{"href":"https:\/\/clienti.webdesk.ro\/yamatex\/wp-json\/wp\/v2\/product"}],"about":[{"href":"https:\/\/clienti.webdesk.ro\/yamatex\/wp-json\/wp\/v2\/types\/product"}],"replies":[{"embeddable":true,"href":"https:\/\/clienti.webdesk.ro\/yamatex\/wp-json\/wp\/v2\/comments?post=1313"}],"wp:featuredmedia":[{"embeddable":true,"href":"https:\/\/clienti.webdesk.ro\/yamatex\/wp-json\/wp\/v2\/media\/998"}],"wp:attachment":[{"href":"https:\/\/clienti.webdesk.ro\/yamatex\/wp-json\/wp\/v2\/media?parent=1313"}],"curies":[{"name":"wp","href":"https:\/\/api.w.org\/{rel}","templated":true}]}}