{"id":1812,"date":"2022-11-11T08:52:13","date_gmt":"2022-11-11T08:52:13","guid":{"rendered":"https:\/\/clienti.webdesk.ro\/dunarea\/?page_id=1812"},"modified":"2023-02-20T10:23:30","modified_gmt":"2023-02-20T10:23:30","slug":"gdpr-policy","status":"publish","type":"page","link":"https:\/\/clienti.webdesk.ro\/dunarea\/en\/gdpr-policy\/","title":{"rendered":"GDPR policy"},"content":{"rendered":"\t\t<div data-elementor-type=\"wp-page\" data-elementor-id=\"1812\" class=\"elementor elementor-1812\">\n\t\t\t\t\t\t\t<div class=\"elementor-element elementor-element-163e881 e-con-full e-con\" data-id=\"163e881\" data-element_type=\"container\" data-settings=\"{&quot;background_background&quot;:&quot;classic&quot;,&quot;content_width&quot;:&quot;full&quot;}\">\n\t\t<div class=\"elementor-element elementor-element-a1e7aca e-con-boxed e-con\" data-id=\"a1e7aca\" data-element_type=\"container\" data-settings=\"{&quot;background_background&quot;:&quot;classic&quot;,&quot;content_width&quot;:&quot;boxed&quot;}\">\n\t\t\t\t\t<div class=\"e-con-inner\">\n\t\t\t\t<div class=\"elementor-element elementor-element-5e3553d elementor-widget__width-initial elementor-widget elementor-widget-html\" data-id=\"5e3553d\" data-element_type=\"widget\" data-widget_type=\"html.default\">\n\t\t\t\t<div class=\"elementor-widget-container\">\n\t\t\t<h1 class=\"wd-xl wd-light wd-align-center\">Privacy policy<\/h1>\n\n<a class=\"wd-button scroll light center\" href=\"#wd-content\">Scroll down<\/a>\t\t<\/div>\n\t\t\t\t<\/div>\n\t\t\t\t\t<\/div>\n\t\t\t\t<\/div>\n\t\t<div class=\"elementor-element elementor-element-aee3677 e-con-full e-con\" data-id=\"aee3677\" data-element_type=\"container\" data-settings=\"{&quot;content_width&quot;:&quot;full&quot;,&quot;background_background&quot;:&quot;classic&quot;}\">\n\t\t\t\t<div class=\"elementor-element elementor-element-82556cd elementor-widget elementor-widget-text-editor\" data-id=\"82556cd\" data-element_type=\"widget\" data-widget_type=\"text-editor.default\">\n\t\t\t\t<div class=\"elementor-widget-container\">\n\t\t\t<style>\/*! elementor - v3.9.2 - 21-12-2022 *\/\n.elementor-widget-text-editor.elementor-drop-cap-view-stacked .elementor-drop-cap{background-color:#818a91;color:#fff}.elementor-widget-text-editor.elementor-drop-cap-view-framed .elementor-drop-cap{color:#818a91;border:3px solid;background-color:transparent}.elementor-widget-text-editor:not(.elementor-drop-cap-view-default) .elementor-drop-cap{margin-top:8px}.elementor-widget-text-editor:not(.elementor-drop-cap-view-default) .elementor-drop-cap-letter{width:1em;height:1em}.elementor-widget-text-editor .elementor-drop-cap{float:left;text-align:center;line-height:1;font-size:50px}.elementor-widget-text-editor .elementor-drop-cap-letter{display:inline-block}<\/style>\t\t\t\t<p><!-- wp:heading --><!-- \/wp:paragraph --><!-- wp:heading --><\/p>\n<p>Prin prezenta, SC BROSHNIR ENGINEERING &amp; CONSTRUCTION SRL, identificat cu J13\/2763\/2005 si Cod unic de \u00eenregistrare 17904807, cu adresa in Sat Cump\u0103na, Comuna Cump\u0103na, Str. OSMAN GAFAR, Nr. 37A, Judet Constan\u0163a, reprezentata prin dl Brosh Nir in calitate de Administrator, \u00een calitate de operator de date cu caracter personal, v\u0103 informeaz\u0103 c\u0103 avem nevoie de consim\u021b\u0103m\u00e2ntul\/aprobarea Dvs. pentru prelucrarea datelor cu caracter personal.<\/p>\n<p><strong>1. Totodat\u0103, v\u0103 informeaz\u0103 cu privire la regimul legal al prelucr\u0103rii datelor cu caracter personal care vor fi colectate de la Dvs., respectiv cu privire la urm\u0103toarele:<\/strong><\/p>\n<p>a. Datele de contact la care ne pute\u021bi sesiza orice problem\u0103 \u00een leg\u0103tur\u0103 cu prelucrarea datelor cu caracter personal sunt: <a href=\"mailto:sales@dunareapark.ro\">sales@dunareapark.ro<\/a>. Datele de contact ale autorit\u0103\u021bii publice competente, la care pute\u021bi sesizaorice problem\u0103 \u00een leg\u0103tur\u0103 cu prelucrarea datelor cu caracter personal prin intermediul site-ului nostru: Autoritatea Na\u021bional\u0103 de Supraveghere a Prelucr\u0103rii Datelor cu Caracter Personal, cu sediul \u00een B-dul G-ral. Gheorghe Magheru 28-30 Sector 1, cod po\u0219tal 010336 Bucure\u0219ti, Rom\u00e2nia, site: <a href=\"http:\/\/www.dataprotection.ro\">http:\/\/www.dataprotection.ro<\/a><\/p>\n<p>b. Modalitatea prin care ob\u021binem aprobarea Dvs. pentru prelucrarea datelor personale; existen\u021ba dreptului de a retrage consim\u021b\u0103m\u00e2ntul, condi\u021biile \u00een care v\u0103 pute\u021bi exercita acest drept \u0219i consecin\u021bele exercit\u0103rii;<\/p>\n<p>c. Ce fel de date personale colect\u0103m de la Dvs. Defini\u021bia legal\u0103 a datelor personale \u0219i a prelucr\u0103rii. Principiile legale privind prelucrarea.<\/p>\n<p>d. Scopurile \u00een care sunt prelucrate datele cu caracter personal, precum \u0219i temeiul juridic al prelucr\u0103rii acestora;<\/p>\n<p>e. Destinatarii sau categoriile de destinatari ai datelor cu caracter personal, adic\u0103 persoana fizic\u0103 sau juridic\u0103, autoritatea public\u0103, agen\u021bia sau alt organism c\u0103reia (c\u0103ruia) \u00eei sunt divulgate datele Dvs. cu caracter personal;<\/p>\n<p>f. Perioada pentru care vor fi stocate datele colectate sau, dac\u0103 acest lucru nu este posibil, criteriile utilizate pentru a stabili aceast\u0103 perioad\u0103;<\/p>\n<p>g. Existen\u021ba dreptului de a solicita operatorului accesul la datele personale, rectificarea sau \u0219tergerea acestora sau restric\u021bionarea prelucr\u0103rii sau a dreptului de a se opune prelucr\u0103rii, precum \u0219i a dreptului la portabilitatea datelor;<\/p>\n<p>h. Existen\u021ba unui proces decizional automatizat incluz\u00e2nd crearea de profiluri, logica utilizat\u0103, importan\u021ba \u0219i consecin\u021bele preconizate ale unei astfel de prelucr\u0103ri pentru Dvs.<\/p>\n<p><strong>2. Ob\u021binem aprobarea Dvs. cu privire la prelucrarea datelor cu caracter personal, \u00een urm\u0103torul fel:<\/strong><\/p>\n<p>\u00cenainte de a completa formularul de contact cu datele Dvs. personale, v\u0103 exprima\u021bi acordul pentru prelucrarea datelor \u0219i pentru termenii prev\u0103zu\u021bi de prezenta Politic\u0103, prin bifarea op\u021biunii cu textul: \u201eSunt de acord cu prelucrarea datelor \u0219i cu termenii prev\u0103zu\u021bi \u00een Politica de Confiden\u021bialitate\u201d, care este prezent\u0103 \u00een partea de jos a formularului de contact.<\/p>\n<p><strong>3. Ce fel de date personale colect\u0103m de la Dvs. Defini\u021bia legal\u0103 a datelor personale \u0219i a prelucr\u0103rii. Principiile legale privind prelucrarea.<\/strong><\/p>\n<p>Prelucram datele dvs. cu caracter personal ca urmare a faptului ca sunteti interesat sa obtineti mai multe informatii si\/sau sa cumparati sau inchiriati un imobil aflat in portofoliul nostru si\/sau sa vindeti sau inchiriati un imobil prin intermediul nostru (dupa caz).<\/p>\n<p>In acest context, putem prelucra urmatoarele date cu caracter personal, in ceea ce va priveste:<br \/>i. Datele de identificare si contact pe care ni furnizati, precum: nume, prenume, email, telefon, oras, sex, data nasterii, oras;<\/p>\n<p>ii. Datele pe care ni le furnizati privind imobilele de care sunteti interesat, inclusiv criterii de achizitie, date privind imobilele care v-au fost prezentate si\/sau imobilele pe care le-ati inchiriat \/ vandut \/ cumparat prin intermediul nostru;<\/p>\n<p>iii. Alte date cu caracter personal pe care ni le furnizati sau care rezulta din colaborarea cu dvs.;<br \/>iv. Date de facturare, dupa caz;<\/p>\n<p><strong>Defini\u021bia legal\u0103 a datelor cu caracter personal este urm\u0103toarea:<\/strong><\/p>\n<p>&#8220;Date cu caracter personal&#8221; \u00eenseamn\u0103 orice informa\u021bii privind o persoan\u0103 fizic\u0103 identificat\u0103 sau identificabil\u0103 (&#8220;persoana vizat\u0103&#8221;); o persoan\u0103 fizic\u0103 identificabil\u0103 este o persoan\u0103 care poate fi identificat\u0103, direct sau indirect, \u00een special prin referire la un element de identificare, cum ar fi un nume, un num\u0103r de identificare, date de localizare, un identificator online, sau la unul sau mai multe elemente specifice, proprii identit\u0103\u021bii sale fizice, fiziologice, genetice, psihice, economice, culturale sau sociale;<\/p>\n<p><strong>Ce \u00eenseamn\u0103 prelucrarea datelor cu caracter personal:<\/strong><\/p>\n<p>&#8220;Prelucrare&#8221; \u00eenseamn\u0103 orice opera\u021biune sau set de opera\u021biuni efectuate asupra datelor cu caracter personal sau asupra seturilor de date cu caracter personal, cu sau f\u0103r\u0103 utilizarea de mijloace automatizate, cum ar fi colectarea, \u00eenregistrarea, organizarea, structurarea, stocarea, adaptarea sau modificarea, extragerea, consultarea, utilizarea, divulgarea prin transmitere, diseminarea sau punerea la dispozi\u021bie \u00een orice alt mod, alinierea sau combinarea, restric\u021bionarea, \u0219tergerea sau distrugerea;<\/p>\n<p><strong>Principiile legale pe baza c\u0103rora se face prelucrarea datelor:<\/strong><\/p>\n<p>a. legalitate, echitate \u0219i transparen\u021b\u0103: s\u0103 fie prelucrate \u00een mod legal, echitabil \u0219i transparent fa\u021b\u0103 de persoana vizat\u0103;<\/p>\n<p>b. limit\u0103ri legate de scop: s\u0103 fie colectate \u00een scopuri determinate, explicite \u0219i legitime \u0219i s\u0103 nu fie prelucrate ulterior \u00eentr-un mod incompatibil cu aceste scopuri;<\/p>\n<p>c. reducerea la minimum a datelor: s\u0103 fie adecvate, relevante \u0219i limitate la ceea ce este necesar \u00een raport cu scopurile \u00een care sunt prelucrate (&#8220;reducerea la minimum a datelor&#8221;);<\/p>\n<p>d. exactitate: s\u0103 fie exacte \u0219i, \u00een cazul \u00een care este necesar, s\u0103 fie actualizate;<\/p>\n<p>e. limit\u0103ri legate de stocare: s\u0103 fie p\u0103strate \u00eentr-o form\u0103 care permite identificarea persoanelor vizate pe o perioad\u0103 care nu dep\u0103\u0219e\u0219te perioada necesar\u0103 \u00eendeplinirii scopurilor \u00een care sunt prelucrate datele;<\/p>\n<p>f. integritate \u0219i confiden\u021bialitate: s\u0103 fie prelucrate \u00eentr-un mod care asigur\u0103 securitatea adecvat\u0103 a datelor cu caracter personal, inclusiv protec\u021bia \u00eempotriva prelucr\u0103rii neautorizate sau ilegale \u0219i \u00eempotriva pierderii, a distrugerii sau a deterior\u0103rii accidentale, prin luarea de m\u0103suri tehnice sau organizatorice corespunz\u0103toare.<\/p>\n<p><strong>4. Scopurile \u00een care sunt prelucrate datele cu caracter personal, precum \u0219i temeiul juridic al prelucr\u0103rii acestora.<\/strong><\/p>\n<p>Prelucr\u0103m datele cu caracter personal \u00een urm\u0103toarele scopuri:<\/p>\n<p>a. pentru a face marketing direct privind imobilele promovate pe pagina de internet \u0219i pentru a v\u0103 face comunic\u0103ri comerciale cu privire la produsele \u0219i serviciile companiei noastre;<\/p>\n<p>b. la cererea Dvs., pentru a face demersuri \u00een vederea \u00eencheierii unui contract. Temeiul legal pentru prelucrarea datelor cu caracter personal este art. 6 alin. 1 lit. a, b, c din Regulamentul nr. 679\/2016 privind protec\u021bia persoanelor fizice \u00een ceea ce prive\u0219te prelucrarea datelor cu caracter personal \u0219i privind libera circula\u021bie a acestor date \u0219i de abrogare a Directivei 95\/46\/CE (Regulamentul general privind protec\u021bia datelor)<\/p>\n<p>(Text cu relevan\u021b\u0103 pentru SEE):<\/p>\n<p>a. persoana vizat\u0103 \u0219i-a dat consim\u021b\u0103m\u00e2ntul pentru prelucrarea datelor sale cu caracter personal pentru unul sau mai multe scopuri specifice;<\/p>\n<p>b. prelucrarea este necesar\u0103 pentru executarea unui contract la care persoana vizat\u0103 este parte sau pentru a face demersuri la cererea persoanei vizate \u00eenainte de \u00eencheierea unui contract;<\/p>\n<p>c. prelucrarea este necesar\u0103 \u00een vederea \u00eendeplinirii unei obliga\u021bii legale care \u00eei revine operatorului;\u201d.<\/p>\n<p><strong>5 . Destinatarii sau categoriile de destinatari ai datelor cu caracter personal, adic\u0103:<\/strong><\/p>\n<p>persoana fizic\u0103 sau juridic\u0103, autoritatea public\u0103, agen\u021bia sau alt organism c\u0103reia (c\u0103ruia) \u00eei sunt divulgate datele Dvs. cu caracter personal. Datele Dvs. cu caracter personal, prelucrate pentru a face demersuri \u00een vederea \u00eencheierii unui contract, precum \u0219i datele prelucrate pentru executarea unui contract la care sunte\u021bi parte vor fi divulgate c\u0103tre urm\u0103torii: departamentul nostru de contabilitate, notar, reprezentan\u021bi banc\u0103, reprezentan\u021bi persoane fizice la \u00eencheierea contractelor.<\/p>\n<p><strong>6. Perioada pentru care vor fi stocate datele colectate sau, dac\u0103 acest lucru nu este posibil, criteriile utilizate pentru a stabili aceast\u0103 perioad\u0103.<\/strong><\/p>\n<p>P\u00e2n\u0103 c\u00e2nd datele cu caracter personal nu mai sunt necesare pentru \u00eendeplinirea scopurilor pentru care au fost colectate sau prelucrate.<\/p>\n<p><strong>7. Existen\u021ba dreptului de a solicita operatorului accesul la datele personale, rectificarea sau \u0219tergerea acestora, a dreptului de a se opune prelucr\u0103rii \u0219i a dreptului la portabilitatea datelor.<\/strong><\/p>\n<p>7.1. Ave\u021bi dreptul de acces la datele cu caracter personal colectate. Ave\u021bi dreptul de a ob\u021bine din partea operatorului o confirmare c\u0103 se prelucreaz\u0103 sau nu date cu caracter personal care v\u0103 privesc \u0219i, \u00een caz afirmativ, acces la datele respective. De asemenea, ave\u021bi dreptul de a ob\u021bine o copie, gratuit, \u00een format electronic, de pe datele care fac obiectul prelucr\u0103rii.<\/p>\n<p>\u00cen vederea exercit\u0103rii acestor drepturi, trebuie s\u0103 ne adresa\u021bi o cerere scris\u0103 la adresa de email: sales@dunareapark.ro<\/p>\n<p>Urmeaz\u0103 s\u0103 v\u0103 r\u0103spundem \u00een termen de maxim 30 de zile.<\/p>\n<p>7.2. Ave\u021bi dreptul la rectificarea sau \u0219tergerea datelor prelucrate. Ave\u021bi dreptul de a ob\u021bine, f\u0103r\u0103 \u00eent\u00e2rzieri nejustificate, rectificarea datelor cu caracter personal inexacte care v\u0103 privesc, inclusive de a ob\u021bine completarea datelor cu caracter personal care sunt incomplete, inclusiv prin furnizarea unei declara\u021bii suplimentare.<\/p>\n<p>Ave\u021bi dreptul de a ob\u021bine \u0219tergerea datelor cu caracter personal care v\u0103 privesc, f\u0103r\u0103 \u00eent\u00e2rzieri nejustificate, iar noi avem obliga\u021bia de a \u0219terge datele cu caracter personal, f\u0103r\u0103 \u00eent\u00e2rzieri nejustificate, \u00een cazul \u00een care se aplic\u0103 unul dintre urm\u0103toarele motive:<\/p>\n<p>a. datele cu caracter personal nu mai sunt necesare pentru \u00eendeplinirea scopurilor pentru care au fost colectate sau prelucrate;<\/p>\n<p>b. persoana vizat\u0103 \u00ee\u0219i retrage consim\u021b\u0103m\u00e2ntul pe baza c\u0103ruia are loc prelucrarea \u0219i nu exist\u0103 niciun alt temei juridic pentru prelucrare.<\/p>\n<p>\u00cen vederea exercit\u0103rii acestor drepturi, trebuie s\u0103 ne adresa\u021bi o cerere scris\u0103 la adresa de email: sales@dunareapark.ro<\/p>\n<p>Urmeaz\u0103 s\u0103 v\u0103 r\u0103spundem \u00een termen de 30 de zile.<br \/>7.3. Ave\u021bi dreptul de a v\u0103 opune prelucr\u0103rii. Ave\u021bi dreptul de a v\u0103 opune, din motive legate de situa\u021bia particular\u0103 \u00een care v\u0103 afla\u021bi, la prelucrarea datelor cu caracter personal care v\u0103 privesc, inclusiv la crearea de profiluri. Dac\u0103 v\u0103 exercita\u021bi acest drept, noi nu mai prelucr\u0103m datele cu caracter personal, cu excep\u021bia cazului \u00een care avemmotive legitime \u0219i imperioase care justific\u0103 prelucrarea \u0219i care prevaleaz\u0103 asupra intereselor, drepturilor \u0219i libert\u0103\u021bilor Dvs. sau cu excep\u021bia cazului \u00een care scopul prelucr\u0103rii este constatarea, exercitarea sau ap\u0103rarea unui drept \u00een instan\u021b\u0103. Atunci c\u00e2nd prelucrarea datelor cu caracter personal are drept scop marketingul direct, ave\u021bi dreptul de a v\u0103 opune \u00een orice moment prelucr\u0103rii \u00een acest scop a datelor cu caracter personal care v\u0103 privesc, inclusiv cre\u0103rii de profiluri, \u00een m\u0103sura \u00een care este legat\u0103 de marketingul direct respectiv.<\/p>\n<p>7.4. Ave\u021bi dreptul la portabilitatea datelor.<\/p>\n<p>Ave\u021bi dreptul de a primi datele cu caracter personal care v\u0103 privesc \u00eentr-un format structurat, utilizat \u00een mod current \u0219i care poate fi citit automat \u0219i ave\u021bi dreptul de a transmite aceste date altui operator.<\/p>\n<p><strong>8. Existen\u021ba unui proces decizional automatizat incluz\u00e2nd crearea de profiluri, logica utilizat\u0103, importan\u021ba \u0219i consecin\u021bele preconizate ale unei astfel de prelucr\u0103ri pentru Dvs.<\/strong><\/p>\n<p>V\u0103 inform\u0103m c\u0103 folosim cookies. Detalii g\u0103si\u021bi \u00een politica de cookies, cu privire la care v\u0103 pute\u021bi exprima sau nu acordul.<br \/>SC BROSHNIR ENGINEERING &amp; CONSTRUCTION SRL<\/p>\n<p><!-- \/wp:paragraph --><\/p>\t\t\t\t\t\t<\/div>\n\t\t\t\t<\/div>\n\t\t\t\t<\/div>\n\t\t\t\t<\/div>\n\t\t\t\t\t\t\t<\/div>\n\t\t","protected":false},"excerpt":{"rendered":"<p>Privacy policy Scroll down Prin prezenta, SC BROSHNIR ENGINEERING &amp; CONSTRUCTION SRL, identificat cu J13\/2763\/2005 si Cod unic de \u00eenregistrare 17904807, cu adresa in Sat Cump\u0103na, Comuna Cump\u0103na, Str. OSMAN GAFAR, Nr. 37A, Judet Constan\u0163a, reprezentata prin dl Brosh Nir in calitate de Administrator, \u00een calitate de operator de date cu caracter personal, v\u0103 informeaz\u0103 [&hellip;]<\/p>\n","protected":false},"author":1,"featured_media":0,"parent":0,"menu_order":0,"comment_status":"closed","ping_status":"closed","template":"","meta":{"footnotes":""},"class_list":["post-1812","page","type-page","status-publish","hentry"],"yoast_head":"<!-- This site is optimized with the Yoast SEO plugin v20.4 - https:\/\/yoast.com\/wordpress\/plugins\/seo\/ -->\n<title>GDPR policy &mdash; Dunarea Park<\/title>\n<meta name=\"robots\" content=\"noindex, follow, max-snippet:-1, max-image-preview:large, max-video-preview:-1\" \/>\n<meta property=\"og:locale\" content=\"en_US\" \/>\n<meta property=\"og:type\" content=\"article\" \/>\n<meta property=\"og:title\" content=\"GDPR policy &mdash; Dunarea Park\" \/>\n<meta property=\"og:description\" content=\"Privacy policy Scroll down Prin prezenta, SC BROSHNIR ENGINEERING &amp; CONSTRUCTION SRL, identificat cu J13\/2763\/2005 si Cod unic de \u00eenregistrare 17904807, cu adresa in Sat Cump\u0103na, Comuna Cump\u0103na, Str. OSMAN GAFAR, Nr. 37A, Judet Constan\u0163a, reprezentata prin dl Brosh Nir in calitate de Administrator, \u00een calitate de operator de date cu caracter personal, v\u0103 informeaz\u0103 [&hellip;]\" \/>\n<meta property=\"og:url\" content=\"https:\/\/clienti.webdesk.ro\/dunarea\/en\/gdpr-policy\/\" \/>\n<meta property=\"og:site_name\" content=\"Dunarea Park\" \/>\n<meta property=\"article:publisher\" content=\"https:\/\/www.facebook.com\/DunareaPark\/\" \/>\n<meta property=\"article:modified_time\" content=\"2023-02-20T10:23:30+00:00\" \/>\n<meta property=\"og:image\" content=\"https:\/\/clienti.webdesk.ro\/dunarea\/wp-content\/uploads\/2023\/01\/logo_dark.png\" \/>\n\t<meta property=\"og:image:width\" content=\"200\" \/>\n\t<meta property=\"og:image:height\" content=\"200\" \/>\n\t<meta property=\"og:image:type\" content=\"image\/png\" \/>\n<meta name=\"twitter:card\" content=\"summary_large_image\" \/>\n<meta name=\"twitter:label1\" content=\"Est. reading time\" \/>\n\t<meta name=\"twitter:data1\" content=\"10 minutes\" \/>\n<script type=\"application\/ld+json\" class=\"yoast-schema-graph\">{\"@context\":\"https:\/\/schema.org\",\"@graph\":[{\"@type\":\"WebPage\",\"@id\":\"https:\/\/clienti.webdesk.ro\/dunarea\/en\/gdpr-policy\/\",\"url\":\"https:\/\/clienti.webdesk.ro\/dunarea\/en\/gdpr-policy\/\",\"name\":\"GDPR policy &mdash; Dunarea Park\",\"isPartOf\":{\"@id\":\"https:\/\/clienti.webdesk.ro\/dunarea\/#website\"},\"datePublished\":\"2022-11-11T08:52:13+00:00\",\"dateModified\":\"2023-02-20T10:23:30+00:00\",\"breadcrumb\":{\"@id\":\"https:\/\/clienti.webdesk.ro\/dunarea\/en\/gdpr-policy\/#breadcrumb\"},\"inLanguage\":\"en-US\",\"potentialAction\":[{\"@type\":\"ReadAction\",\"target\":[\"https:\/\/clienti.webdesk.ro\/dunarea\/en\/gdpr-policy\/\"]}]},{\"@type\":\"BreadcrumbList\",\"@id\":\"https:\/\/clienti.webdesk.ro\/dunarea\/en\/gdpr-policy\/#breadcrumb\",\"itemListElement\":[{\"@type\":\"ListItem\",\"position\":1,\"name\":\"Prima pagin\u0103\",\"item\":\"https:\/\/clienti.webdesk.ro\/dunarea\/\"},{\"@type\":\"ListItem\",\"position\":2,\"name\":\"GDPR policy\"}]},{\"@type\":\"WebSite\",\"@id\":\"https:\/\/clienti.webdesk.ro\/dunarea\/#website\",\"url\":\"https:\/\/clienti.webdesk.ro\/dunarea\/\",\"name\":\"Dunarea Park\",\"description\":\"Curatatorie si spalatorie covoare si textile.\",\"publisher\":{\"@id\":\"https:\/\/clienti.webdesk.ro\/dunarea\/#organization\"},\"potentialAction\":[{\"@type\":\"SearchAction\",\"target\":{\"@type\":\"EntryPoint\",\"urlTemplate\":\"https:\/\/clienti.webdesk.ro\/dunarea\/?s={search_term_string}\"},\"query-input\":\"required name=search_term_string\"}],\"inLanguage\":\"en-US\"},{\"@type\":\"Organization\",\"@id\":\"https:\/\/clienti.webdesk.ro\/dunarea\/#organization\",\"name\":\"Dunarea Park\",\"url\":\"https:\/\/clienti.webdesk.ro\/dunarea\/\",\"logo\":{\"@type\":\"ImageObject\",\"inLanguage\":\"en-US\",\"@id\":\"https:\/\/clienti.webdesk.ro\/dunarea\/#\/schema\/logo\/image\/\",\"url\":\"https:\/\/clienti.webdesk.ro\/dunarea\/wp-content\/uploads\/2023\/01\/logo_dark.png\",\"contentUrl\":\"https:\/\/clienti.webdesk.ro\/dunarea\/wp-content\/uploads\/2023\/01\/logo_dark.png\",\"width\":200,\"height\":200,\"caption\":\"Dunarea Park\"},\"image\":{\"@id\":\"https:\/\/clienti.webdesk.ro\/dunarea\/#\/schema\/logo\/image\/\"},\"sameAs\":[\"https:\/\/www.facebook.com\/DunareaPark\/\"]}]}<\/script>\n<!-- \/ Yoast SEO plugin. -->","yoast_head_json":{"title":"GDPR policy &mdash; Dunarea Park","robots":{"index":"noindex","follow":"follow","max-snippet":"max-snippet:-1","max-image-preview":"max-image-preview:large","max-video-preview":"max-video-preview:-1"},"og_locale":"en_US","og_type":"article","og_title":"GDPR policy &mdash; Dunarea Park","og_description":"Privacy policy Scroll down Prin prezenta, SC BROSHNIR ENGINEERING &amp; CONSTRUCTION SRL, identificat cu J13\/2763\/2005 si Cod unic de \u00eenregistrare 17904807, cu adresa in Sat Cump\u0103na, Comuna Cump\u0103na, Str. OSMAN GAFAR, Nr. 37A, Judet Constan\u0163a, reprezentata prin dl Brosh Nir in calitate de Administrator, \u00een calitate de operator de date cu caracter personal, v\u0103 informeaz\u0103 [&hellip;]","og_url":"https:\/\/clienti.webdesk.ro\/dunarea\/en\/gdpr-policy\/","og_site_name":"Dunarea Park","article_publisher":"https:\/\/www.facebook.com\/DunareaPark\/","article_modified_time":"2023-02-20T10:23:30+00:00","og_image":[{"width":200,"height":200,"url":"https:\/\/clienti.webdesk.ro\/dunarea\/wp-content\/uploads\/2023\/01\/logo_dark.png","type":"image\/png"}],"twitter_card":"summary_large_image","twitter_misc":{"Est. reading time":"10 minutes"},"schema":{"@context":"https:\/\/schema.org","@graph":[{"@type":"WebPage","@id":"https:\/\/clienti.webdesk.ro\/dunarea\/en\/gdpr-policy\/","url":"https:\/\/clienti.webdesk.ro\/dunarea\/en\/gdpr-policy\/","name":"GDPR policy &mdash; Dunarea Park","isPartOf":{"@id":"https:\/\/clienti.webdesk.ro\/dunarea\/#website"},"datePublished":"2022-11-11T08:52:13+00:00","dateModified":"2023-02-20T10:23:30+00:00","breadcrumb":{"@id":"https:\/\/clienti.webdesk.ro\/dunarea\/en\/gdpr-policy\/#breadcrumb"},"inLanguage":"en-US","potentialAction":[{"@type":"ReadAction","target":["https:\/\/clienti.webdesk.ro\/dunarea\/en\/gdpr-policy\/"]}]},{"@type":"BreadcrumbList","@id":"https:\/\/clienti.webdesk.ro\/dunarea\/en\/gdpr-policy\/#breadcrumb","itemListElement":[{"@type":"ListItem","position":1,"name":"Prima pagin\u0103","item":"https:\/\/clienti.webdesk.ro\/dunarea\/"},{"@type":"ListItem","position":2,"name":"GDPR policy"}]},{"@type":"WebSite","@id":"https:\/\/clienti.webdesk.ro\/dunarea\/#website","url":"https:\/\/clienti.webdesk.ro\/dunarea\/","name":"Dunarea Park","description":"Curatatorie si spalatorie covoare si textile.","publisher":{"@id":"https:\/\/clienti.webdesk.ro\/dunarea\/#organization"},"potentialAction":[{"@type":"SearchAction","target":{"@type":"EntryPoint","urlTemplate":"https:\/\/clienti.webdesk.ro\/dunarea\/?s={search_term_string}"},"query-input":"required name=search_term_string"}],"inLanguage":"en-US"},{"@type":"Organization","@id":"https:\/\/clienti.webdesk.ro\/dunarea\/#organization","name":"Dunarea Park","url":"https:\/\/clienti.webdesk.ro\/dunarea\/","logo":{"@type":"ImageObject","inLanguage":"en-US","@id":"https:\/\/clienti.webdesk.ro\/dunarea\/#\/schema\/logo\/image\/","url":"https:\/\/clienti.webdesk.ro\/dunarea\/wp-content\/uploads\/2023\/01\/logo_dark.png","contentUrl":"https:\/\/clienti.webdesk.ro\/dunarea\/wp-content\/uploads\/2023\/01\/logo_dark.png","width":200,"height":200,"caption":"Dunarea Park"},"image":{"@id":"https:\/\/clienti.webdesk.ro\/dunarea\/#\/schema\/logo\/image\/"},"sameAs":["https:\/\/www.facebook.com\/DunareaPark\/"]}]}},"_links":{"self":[{"href":"https:\/\/clienti.webdesk.ro\/dunarea\/en\/wp-json\/wp\/v2\/pages\/1812","targetHints":{"allow":["GET"]}}],"collection":[{"href":"https:\/\/clienti.webdesk.ro\/dunarea\/en\/wp-json\/wp\/v2\/pages"}],"about":[{"href":"https:\/\/clienti.webdesk.ro\/dunarea\/en\/wp-json\/wp\/v2\/types\/page"}],"author":[{"embeddable":true,"href":"https:\/\/clienti.webdesk.ro\/dunarea\/en\/wp-json\/wp\/v2\/users\/1"}],"replies":[{"embeddable":true,"href":"https:\/\/clienti.webdesk.ro\/dunarea\/en\/wp-json\/wp\/v2\/comments?post=1812"}],"version-history":[{"count":35,"href":"https:\/\/clienti.webdesk.ro\/dunarea\/en\/wp-json\/wp\/v2\/pages\/1812\/revisions"}],"predecessor-version":[{"id":2123,"href":"https:\/\/clienti.webdesk.ro\/dunarea\/en\/wp-json\/wp\/v2\/pages\/1812\/revisions\/2123"}],"wp:attachment":[{"href":"https:\/\/clienti.webdesk.ro\/dunarea\/en\/wp-json\/wp\/v2\/media?parent=1812"}],"curies":[{"name":"wp","href":"https:\/\/api.w.org\/{rel}","templated":true}]}}